{"id":3741,"date":"2021-06-28T21:05:57","date_gmt":"2021-06-28T21:05:57","guid":{"rendered":"https:\/\/assetel.com\/en\/?page_id=3741"},"modified":"2021-11-24T20:40:04","modified_gmt":"2021-11-24T20:40:04","slug":"join-us","status":"publish","type":"page","link":"https:\/\/assetel.com\/en\/join-us\/","title":{"rendered":"Join us"},"content":{"rendered":"<div id='av_section_1'  class='avia-section main_color avia-section-default avia-no-border-styling  avia-full-stretch avia-bg-style-scroll  avia-builder-el-0  el_before_av_section  avia-builder-el-first  av-center-align-columns  av-minimum-height av-minimum-height-100  container_wrap sidebar_right' style='background-repeat: no-repeat; background-image: url(https:\/\/assetel.com\/en\/wp-content\/uploads\/2021\/06\/wrapper-unete.jpg);background-attachment: scroll; background-position: top center;  '  data-section-bg-repeat='stretch' data-av_minimum_height_pc='100'><div class='container' ><main  role=\"main\" itemprop=\"mainContentOfPage\"  class='template-page content  av-content-small alpha units'><div class='post-entry post-entry-type-page post-entry-3741'><div class='entry-content-wrapper clearfix'>\n<div class='flex_column_table av-equal-height-column-flextable -flextable' ><div class=\"flex_column av_one_fifth  flex_column_table_cell av-equal-height-column av-align-middle av-zero-column-padding first  avia-builder-el-1  el_before_av_three_fifth  avia-builder-el-first  \" style='border-radius:0px; '><\/div><div class='av-flex-placeholder'><\/div><div class=\"flex_column av_three_fifth  flex_column_table_cell av-equal-height-column av-align-middle av-zero-column-padding   avia-builder-el-2  el_after_av_one_fifth  el_before_av_one_fifth  \" style='border-radius:0px; '><div  style='padding-bottom:10px; color:#ffffff;font-size:35px;' class='av-special-heading av-special-heading-h2 custom-color-heading blockquote modern-quote modern-centered  avia-builder-el-3  avia-builder-el-no-sibling  av-inherit-size '><h2 class='av-special-heading-tag  av-medium-font-size-overwrite av-medium-font-size-32 av-small-font-size-overwrite av-small-font-size-30 av-mini-font-size-overwrite av-mini-font-size-26'  itemprop=\"headline\"  >Join the <b>Assetel<\/b> family<\/h2><div class='special-heading-border'><div class='special-heading-inner-border' style='border-color:#ffffff'><\/div><\/div><\/div><\/div><div class='av-flex-placeholder'><\/div><div class=\"flex_column av_one_fifth  flex_column_table_cell av-equal-height-column av-align-middle av-zero-column-padding   avia-builder-el-4  el_after_av_three_fifth  avia-builder-el-last  \" style='border-radius:0px; '><\/div><\/div><!--close column table wrapper. Autoclose: 1 --><\/div><\/div><\/main><!-- close content main element --><\/div><\/div><div id='av_section_2'  class='avia-section main_color avia-section-default avia-no-border-styling  avia-bg-style-scroll  avia-builder-el-5  el_after_av_section  el_before_av_section   container_wrap sidebar_right' style='background-repeat: no-repeat; background-image: url(https:\/\/assetel.com\/en\/wp-content\/uploads\/2021\/06\/wrapper-blog-02-scaled.gif);background-attachment: scroll; background-position: top center;  '  data-section-bg-repeat='no-repeat'><div class='container' ><div class='template-page content  av-content-small alpha units'><div class='post-entry post-entry-type-page post-entry-3741'><div class='entry-content-wrapper clearfix'>\n<div class='flex_column_table av-equal-height-column-flextable -flextable' ><div class=\"flex_column av_one_fifth  flex_column_table_cell av-equal-height-column av-align-middle av-zero-column-padding first  avia-builder-el-6  el_before_av_three_fifth  avia-builder-el-first  \" style='border-radius:0px; '><\/div><div class='av-flex-placeholder'><\/div><div class=\"flex_column av_three_fifth  flex_column_table_cell av-equal-height-column av-align-middle av-zero-column-padding   avia-builder-el-7  el_after_av_one_fifth  el_before_av_one_fifth  \" style='border-radius:0px; ' id=\"vacantes\" ><p><div  style='padding-bottom:0px; margin: 0 0 0 0;font-size:35px;' class='av-special-heading av-special-heading-h2  blockquote modern-quote modern-centered  avia-builder-el-8  el_before_av_toggle_container  avia-builder-el-first  av-inherit-size '><h2 class='av-special-heading-tag  av-medium-font-size-overwrite av-medium-font-size-32 av-small-font-size-overwrite av-small-font-size-30 av-mini-font-size-overwrite av-mini-font-size-26'  itemprop=\"headline\"  >Vacancies available<\/h2><div class='special-heading-border'><div class='special-heading-inner-border' ><\/div><\/div><\/div><br \/>\n<div   class=\"togglecontainer  av-elegant-toggle toggle_close_all  hasCurrentStyle avia-builder-el-9  el_after_av_heading  el_before_av_hr \" data-currentstyle='color:#ff8a02; border-color:#ff8a02; '>\n<section class=\"av_toggle_section\"  itemscope=\"itemscope\" itemtype=\"https:\/\/schema.org\/CreativeWork\"  >    <div role=\"tablist\" class=\"single_toggle\" data-tags=\"{All} \"  >        <p data-fake-id=\"#toggle-id-1\" class=\"toggler \"  itemprop=\"headline\"  style='background-color: #ffffff; ' data-hoverstyle='color: #ff8a02; ' role=\"tab\" tabindex=\"0\" aria-controls=\"toggle-id-1\">ADMINISTRADOR DE SERVIDORES<span class=\"toggle_icon\" >        <span class=\"vert_icon\"><\/span><span class=\"hor_icon\"><\/span><\/span><\/p>        <div id=\"toggle-id-1\" class=\"toggle_wrap \"   >            <div class=\"toggle_content invers-color \"  itemprop=\"text\"  style='background-color: #ffffff; ' ><p><strong><span class=\"color-azul\">Informaci\u00f3n del puesto:<\/span><\/strong><br \/>\nAtender t\u00e9cnica remota y en sitio al cliente.<br \/>\nRealizar Instalaciones \/ administraci\u00f3n de servidores Linux\/Windows.<br \/>\nGesti\u00f3n de servidores f\u00edsicos y virtuales.<br \/>\nAdministraci\u00f3n de servicios VoIP, Firewall, Switches, Aps, Routers.<br \/>\nAdministraci\u00f3n de servidores web, correo, spam, etc.<br \/>\nBrindar soporte para identificaci\u00f3n de problemas de servicios CloudSide.<br \/>\nApoyo en las instalaciones de nuevos clientes.<br \/>\nApoyo en la creaci\u00f3n de memorias t\u00e9cnicas y manuales.<br \/>\nApoyo en contingencia a clientes.<\/p>\n<p><strong><span class=\"color-azul\">Requisitos:<\/span><\/strong><br \/>\n\u2022 Sexo: Indistinto<br \/>\n\u2022 Escolaridad: Ingenier\u00eda en Sistemas Computacionales, Seguridad Inform\u00e1tica y Redes, Computaci\u00f3n o carrera af\u00edn<br \/>\n\u2022 Edad: 20 \u2013 45 a\u00f1os<br \/>\n\u2022 Estado civil: Indistinto<br \/>\n\u2022 Ingl\u00e9s: Medio \u2013 Avanzado<br \/>\n\u2022 Licencia de manejo vigente<\/p>\n<p><strong><span class=\"color-azul\">Conocimientos solicitados:<\/span><\/strong><br \/>\nSoluci\u00f3n de problemas t\u00e9cnicos.<br \/>\nBases de datos y servidores como MySQL y SQL Server.<br \/>\nGesti\u00f3n de proyectos y de documentaci\u00f3n<br \/>\nServidores Windows.<br \/>\nLenguaje de programaci\u00f3n como Python, Pearl o PHP.<br \/>\nHabilidades de comunicaci\u00f3n.<\/p>\n<p><strong><span class=\"color-azul\">Ofrecemos:<\/span><\/strong><br \/>\nSueldo competitivo.<br \/>\nPrestaciones superiores a la ley.<br \/>\nPosibilidad de crecimiento.<br \/>\nExcelente clima laboral.<br \/>\nVales de despensa.<br \/>\nFondo de ahorro.<br \/>\nPlan de recompensas.<\/p>\n<p><div  style='height:30px' class='hr hr-invisible   avia-builder-el-10  el_before_av_button  avia-builder-el-first '><span class='hr-inner ' ><span class='hr-inner-style'><\/span><\/span><\/div><br \/>\n<div  class='avia-button-wrap avia-button-center  avia-builder-el-11  el_after_av_hr  el_before_av_hr ' ><a href='https:\/\/assetel.com\/en\/unete\/#unete'  class='avia-button   avia-icon_select-no avia-size-large avia-position-center '  style='background-color:#0076ff; border-color:#0076ff; color:#ffffff; ' ><span class='avia_iconbox_title' >\u00a1Post\u00falate!<\/span><span class='avia_button_background avia-button avia-color-custom' style='background-color:#ff8a00;'><\/span><\/a><\/div><\/p>\n            <\/div>        <\/div>    <\/div><\/section>\n<section class=\"av_toggle_section\"  itemscope=\"itemscope\" itemtype=\"https:\/\/schema.org\/CreativeWork\"  >    <div role=\"tablist\" class=\"single_toggle\" data-tags=\"{All} \"  >        <p data-fake-id=\"#toggle-id-2\" class=\"toggler \"  itemprop=\"headline\"  style='background-color: #ffffff; ' data-hoverstyle='color: #ff8a02; ' role=\"tab\" tabindex=\"0\" aria-controls=\"toggle-id-2\">EJECUTIVO DE VENTAS<span class=\"toggle_icon\" >        <span class=\"vert_icon\"><\/span><span class=\"hor_icon\"><\/span><\/span><\/p>        <div id=\"toggle-id-2\" class=\"toggle_wrap \"   >            <div class=\"toggle_content invers-color \"  itemprop=\"text\"  style='background-color: #ffffff; ' ><p><strong><span class=\"color-azul\">Informaci\u00f3n del puesto:<\/strong><\/p>\n<p><span style=\"font-weight: 400;\">Dise\u00f1ar, presentar propuestas de productos y servicio a la medida de los clientes, as\u00ed como, proyectos especiales.\u00a0<\/span><\/p>\n<p><span style=\"font-weight: 400;\">Presentaci\u00f3n de propuestas t\u00e9cnico \u2013 comerciales.\u00a0<\/span><\/p>\n<p><span style=\"font-weight: 400;\">Negociaci\u00f3n de precios y condiciones de venta, entrega e instalaci\u00f3n.\u00a0<\/span><\/p>\n<p><span style=\"font-weight: 400;\">Elaboraci\u00f3n de cotizaciones, contratos y \u00f3rdenes de venta.\u00a0<\/span><\/p>\n<p><span style=\"font-weight: 400;\">Prospecci\u00f3n de nuevos clientes especiales y bi-size.<\/span><\/p>\n<p><strong><span class=\"color-azul\">\u00a0Requisitos:<\/strong><\/p>\n<ul>\n<li><span style=\"font-weight: 400;\"> Sexo: Indistinto<\/span><\/li>\n<li><span style=\"font-weight: 400;\"> Escolaridad: Ing. en sistemas o af\u00edn<\/span><\/li>\n<li><span style=\"font-weight: 400;\"> Edad: 30 \u2013 50 a\u00f1os<\/span><\/li>\n<li><span style=\"font-weight: 400;\"> Estado civil: Indistinto<\/span><\/li>\n<li><span style=\"font-weight: 400;\"> Ingl\u00e9s: Medio \u2013 Avanzado<\/span><\/li>\n<li><span style=\"font-weight: 400;\"> Excel: Avanzado<\/span><\/li>\n<li><span style=\"font-weight: 400;\"> Autom\u00f3vil propio<\/span><\/li>\n<li><span style=\"font-weight: 400;\"> Disponibilidad para viajar<\/span><\/li>\n<li><span style=\"font-weight: 400;\"> Visa<\/span><\/li>\n<\/ul>\n<p><strong><span class=\"color-azul\">Ofrecemos:<\/strong><\/p>\n<p><span style=\"font-weight: 400;\">Sueldo competitivo.<\/span><\/p>\n<p><span style=\"font-weight: 400;\">Contrato directo con la empresa.<\/span><\/p>\n<p><span style=\"font-weight: 400;\">Prestaciones superiores a la ley.<\/span><\/p>\n<p><span style=\"font-weight: 400;\">Posibilidad de crecimiento.<\/span><\/p>\n<p><span style=\"font-weight: 400;\">Excelente clima laboral.<\/span><\/p>\n<p><div  style='height:30px' class='hr hr-invisible   avia-builder-el-12  el_after_av_button  el_before_av_button '><span class='hr-inner ' ><span class='hr-inner-style'><\/span><\/span><\/div><br \/>\n<div  class='avia-button-wrap avia-button-center  avia-builder-el-13  el_after_av_hr  el_before_av_hr ' ><a href='https:\/\/assetel.com\/en\/unete\/#unete'  class='avia-button   avia-icon_select-no avia-size-large avia-position-center '  style='background-color:#0076ff; border-color:#0076ff; color:#ffffff; ' ><span class='avia_iconbox_title' >\u00a1Post\u00falate!<\/span><span class='avia_button_background avia-button avia-color-custom' style='background-color:#ff8a00;'><\/span><\/a><\/div><\/p>\n            <\/div>        <\/div>    <\/div><\/section>\n<section class=\"av_toggle_section\"  itemscope=\"itemscope\" itemtype=\"https:\/\/schema.org\/CreativeWork\"  >    <div role=\"tablist\" class=\"single_toggle\" data-tags=\"{All} \"  >        <p data-fake-id=\"#toggle-id-3\" class=\"toggler \"  itemprop=\"headline\"  style='background-color: #ffffff; ' data-hoverstyle='color: #ff8a02; ' role=\"tab\" tabindex=\"0\" aria-controls=\"toggle-id-3\">T\u00c9CNICO\/A DE SISTEMAS DE INFORMACI\u00d3N<span class=\"toggle_icon\" >        <span class=\"vert_icon\"><\/span><span class=\"hor_icon\"><\/span><\/span><\/p>        <div id=\"toggle-id-3\" class=\"toggle_wrap \"   >            <div class=\"toggle_content invers-color \"  itemprop=\"text\"  style='background-color: #ffffff; ' ><p><strong><span class=\"color-azul\">Informaci\u00f3n del puesto:<\/span><\/strong><\/p>\n<p><span style=\"font-weight: 400;\">An\u00e1lisis y depuraci\u00f3n de informaci\u00f3n<\/span><\/p>\n<p><span style=\"font-weight: 400;\">Manejo de hardware, software y dispositivos espec\u00edficos<\/span><\/p>\n<p><strong><span class=\"color-azul\">\u00a0Requisitos:<\/span><\/strong><\/p>\n<ul>\n<li><span style=\"font-weight: 400;\"> Sexo: Indistinto<\/span><\/li>\n<li><span style=\"font-weight: 400;\"> Escolaridad: Ing. en sistemas o af\u00edn<\/span><\/li>\n<li><span style=\"font-weight: 400;\"> Edad: 30 \u2013 50 a\u00f1os<\/span><\/li>\n<li><span style=\"font-weight: 400;\"> Estado civil: Indistinto<\/span><\/li>\n<li><span style=\"font-weight: 400;\"> Ingl\u00e9s: Medio \u2013 Avanzado<\/span><\/li>\n<li><span style=\"font-weight: 400;\"> Excel: Avanzado<\/span><\/li>\n<\/ul>\n<p><strong><span class=\"color-azul\">Ofrecemos:<\/span><\/strong><\/p>\n<p><span style=\"font-weight: 400;\">Sueldo competitivo<\/span><\/p>\n<p><span style=\"font-weight: 400;\">Posibilidad de crecimiento<\/span><\/p>\n<p><span style=\"font-weight: 400;\">Prestaciones superiores a las de ley<\/span><\/p>\n<p><span style=\"font-weight: 400;\">Excelente ambiente de trabajo<\/span><\/p>\n<p><div  style='height:30px' class='hr hr-invisible   avia-builder-el-14  el_after_av_button  el_before_av_button '><span class='hr-inner ' ><span class='hr-inner-style'><\/span><\/span><\/div><br \/>\n<div  class='avia-button-wrap avia-button-center  avia-builder-el-15  el_after_av_hr  el_before_av_hr ' ><a href='https:\/\/assetel.com\/en\/unete\/#unete'  class='avia-button   avia-icon_select-no avia-size-large avia-position-center '  style='background-color:#0076ff; border-color:#0076ff; color:#ffffff; ' ><span class='avia_iconbox_title' >\u00a1Post\u00falate!<\/span><span class='avia_button_background avia-button avia-color-custom' style='background-color:#ff8a00;'><\/span><\/a><\/div><\/p>\n            <\/div>        <\/div>    <\/div><\/section>\n<section class=\"av_toggle_section\"  itemscope=\"itemscope\" itemtype=\"https:\/\/schema.org\/CreativeWork\"  >    <div role=\"tablist\" class=\"single_toggle\" data-tags=\"{All} \"  >        <p data-fake-id=\"#toggle-id-4\" class=\"toggler \"  itemprop=\"headline\"  style='background-color: #ffffff; ' data-hoverstyle='color: #ff8a02; ' role=\"tab\" tabindex=\"0\" aria-controls=\"toggle-id-4\">RESPONSABLE L\u00cdNEA DE AYUDA DE CIBERSEGURIDAD<span class=\"toggle_icon\" >        <span class=\"vert_icon\"><\/span><span class=\"hor_icon\"><\/span><\/span><\/p>        <div id=\"toggle-id-4\" class=\"toggle_wrap \"   >            <div class=\"toggle_content invers-color \"  itemprop=\"text\"  style='background-color: #ffffff; ' ><p><strong><span class=\"color-azul\">Informaci\u00f3n del puesto:<\/span><\/strong><\/p>\n<p><span style=\"font-weight: 400;\">Responsable de la ejecuci\u00f3n de las operaciones<\/span><\/p>\n<p><span style=\"font-weight: 400;\">Gesti\u00f3n y liderazgo de procesos para mejora continua de la experiencia del centro de atenci\u00f3n al usuario o cliente.<\/span><\/p>\n<p><strong><span class=\"color-azul\">Requisitos:<\/span><\/strong><\/p>\n<ul>\n<li><span style=\"font-weight: 400;\"> Sexo: Indistinto<\/span><\/li>\n<li><span style=\"font-weight: 400;\"> Escolaridad: Ing. en sistemas o af\u00edn<\/span><\/li>\n<li><span style=\"font-weight: 400;\"> Edad: 30 \u2013 50 a\u00f1os<\/span><\/li>\n<li><span style=\"font-weight: 400;\"> Estado civil: Indistinto<\/span><\/li>\n<li><span style=\"font-weight: 400;\"> Ingl\u00e9s: Medio \u2013 Avanzado<\/span><\/li>\n<li><span style=\"font-weight: 400;\"> Excel: Avanzado<\/span><\/li>\n<\/ul>\n<p><strong><span class=\"color-azul\">Ofrecemos:<\/span><\/strong><\/p>\n<p><span style=\"font-weight: 400;\">Sueldo competitivo<\/span><\/p>\n<p><span style=\"font-weight: 400;\">Posibilidad de crecimiento<\/span><\/p>\n<p><span style=\"font-weight: 400;\">Prestaciones superiores a las de ley<\/span><\/p>\n<p><span style=\"font-weight: 400;\">Excelente ambiente de trabajo<\/span><\/p>\n<p><div  style='height:30px' class='hr hr-invisible   avia-builder-el-16  el_after_av_button  el_before_av_button '><span class='hr-inner ' ><span class='hr-inner-style'><\/span><\/span><\/div><br \/>\n<div  class='avia-button-wrap avia-button-center  avia-builder-el-17  el_after_av_hr  avia-builder-el-last ' ><a href='https:\/\/assetel.com\/en\/unete\/#unete'  class='avia-button   avia-icon_select-no avia-size-large avia-position-center '  style='background-color:#0076ff; border-color:#0076ff; color:#ffffff; ' ><span class='avia_iconbox_title' >\u00a1Post\u00falate!<\/span><span class='avia_button_background avia-button avia-color-custom' style='background-color:#ff8a00;'><\/span><\/a><\/div><\/p>\n            <\/div>        <\/div>    <\/div><\/section>\n<\/div><br \/>\n<div  style='height:30px' class='hr hr-invisible   avia-builder-el-18  el_after_av_toggle_container  el_before_av_heading '><span class='hr-inner ' ><span class='hr-inner-style'><\/span><\/span><\/div><br \/>\n<div  style='padding-bottom:0px; margin: 0 0 0 0;font-size:35px;' class='av-special-heading av-special-heading-h2  blockquote modern-quote modern-centered  avia-builder-el-19  el_after_av_hr  el_before_av_heading  av-inherit-size '><h2 class='av-special-heading-tag  av-medium-font-size-overwrite av-medium-font-size-32 av-small-font-size-overwrite av-small-font-size-30 av-mini-font-size-overwrite av-mini-font-size-26'  itemprop=\"headline\"  >Upload your CV and let us know you<\/h2><div class='special-heading-border'><div class='special-heading-inner-border' ><\/div><\/div><\/div><br \/>\n<div  style='padding-bottom:0px; margin: 20px 0 20px 0;' class='av-special-heading av-special-heading-h3  blockquote modern-quote modern-centered  avia-builder-el-20  el_after_av_heading  el_before_av_hr  '><h3 class='av-special-heading-tag '  itemprop=\"headline\"  >We are interested in having you in our database!<\/h3><div class='special-heading-border'><div class='special-heading-inner-border' ><\/div><\/div><\/div><br \/>\n<div  style='height:30px' class='hr hr-invisible   avia-builder-el-21  el_after_av_heading  el_before_av_textblock '><span class='hr-inner ' ><span class='hr-inner-style'><\/span><\/span><\/div><br \/>\n<section class=\"av_textblock_section \"  id=\"unete\"  itemscope=\"itemscope\" itemtype=\"https:\/\/schema.org\/CreativeWork\" ><div class='avia_textblock  '   itemprop=\"text\" ><div role=\"form\" class=\"wpcf7\" id=\"wpcf7-f3752-o1\" lang=\"es-MX\" dir=\"ltr\">\n<div class=\"screen-reader-response\"><p role=\"status\" aria-live=\"polite\" aria-atomic=\"true\"><\/p> <ul><\/ul><\/div>\n<form action=\"\/en\/wp-json\/wp\/v2\/pages\/3741#wpcf7-f3752-o1\" method=\"post\" class=\"wpcf7-form init\" enctype=\"multipart\/form-data\" novalidate=\"novalidate\" data-status=\"init\">\n<div style=\"display: none;\">\n<input type=\"hidden\" name=\"_wpcf7\" value=\"3752\" \/>\n<input type=\"hidden\" name=\"_wpcf7_version\" value=\"5.4.2\" \/>\n<input type=\"hidden\" name=\"_wpcf7_locale\" value=\"es_MX\" \/>\n<input type=\"hidden\" name=\"_wpcf7_unit_tag\" value=\"wpcf7-f3752-o1\" \/>\n<input type=\"hidden\" name=\"_wpcf7_container_post\" value=\"0\" \/>\n<input type=\"hidden\" name=\"_wpcf7_posted_data_hash\" value=\"\" \/>\n<input type=\"hidden\" name=\"_wpcf7_recaptcha_response\" value=\"\" \/>\n<\/div>\n<div id=\"form-unete\">\n<div class=\"flex_column_table\">\n<div>\n<div class=\"flex_column\">\n\t\t\t\t<label>Name:*<br \/>\n\t\t\t\t<span class=\"wpcf7-form-control-wrap nombre019\"><input type=\"text\" name=\"nombre019\" value=\"\" size=\"40\" class=\"wpcf7-form-control wpcf7-text wpcf7-validates-as-required\" aria-required=\"true\" aria-invalid=\"false\" \/><\/span> <\/label>\n\t\t\t<\/div>\n<\/div>\n<\/div>\n<div class=\"flex_column_table\">\n<div>\n<div class=\"flex_column\">\n\t\t\t\t<label>Company:*<br \/>\n\t\t\t\t<span class=\"wpcf7-form-control-wrap empresa019\"><input type=\"text\" name=\"empresa019\" value=\"\" size=\"40\" class=\"wpcf7-form-control wpcf7-text wpcf7-validates-as-required\" aria-required=\"true\" aria-invalid=\"false\" \/><\/span> <\/label>\n\t\t\t <\/div>\n<\/div>\n<\/div>\n<div class=\"flex_column_table\">\n<div class=\"flex_column av_one_half flex_column_table_cell\">\n\t\t\t<label>Email:*<br \/>\n\t\t\t <span class=\"wpcf7-form-control-wrap email019\"><input type=\"email\" name=\"email019\" value=\"\" size=\"40\" class=\"wpcf7-form-control wpcf7-text wpcf7-email wpcf7-validates-as-required wpcf7-validates-as-email\" aria-required=\"true\" aria-invalid=\"false\" \/><\/span> <\/label>\n\t\t<\/div>\n<div class=\"av-flex-placeholder\"><\/div>\n<div class=\"flex_column av_one_half  flex_column_table_cell\">\n\t\t\t<label>Telephone:*<br \/>\n \t\t\t<span class=\"wpcf7-form-control-wrap tel-422\"><input type=\"tel\" name=\"tel-422\" value=\"\" size=\"40\" maxlength=\"13\" minlength=\"10\" class=\"wpcf7-form-control wpcf7-text wpcf7-tel wpcf7-validates-as-required wpcf7-validates-as-tel\" aria-required=\"true\" aria-invalid=\"false\" \/><\/span> <\/label>\n\t\t<\/div>\n<\/div>\n<div class=\"flex_column_table\">\n<div class=\"flex_column av_one_half flex_column_table_cell\">\n\t\t\t<label>City:*<br \/>\n\t\t\t<span class=\"wpcf7-form-control-wrap ciudad-591\"><input type=\"text\" name=\"ciudad-591\" value=\"\" size=\"40\" class=\"wpcf7-form-control wpcf7-text wpcf7-validates-as-required\" aria-required=\"true\" aria-invalid=\"false\" \/><\/span> <\/label>\n\t\t<\/div>\n<div class=\"av-flex-placeholder\"><\/div>\n<div class=\"flex_column av_one_half  flex_column_table_cell\">\n\t\t\t<label>Area that interests me:*<br \/>\n \t\t\t<span class=\"wpcf7-form-control-wrap area-interesada-563\"><select name=\"area-interesada-563\" class=\"wpcf7-form-control wpcf7-select wpcf7-validates-as-required\" aria-required=\"true\" aria-invalid=\"false\"><option value=\"Server Admin\">Server Admin<\/option><option value=\"Sales executive\">Sales executive<\/option><option value=\"Information Systems Technician\">Information Systems Technician<\/option><option value=\"Cybersecurity Helpline Manager\">Cybersecurity Helpline Manager<\/option><\/select><\/span> <\/label>\n\t\t<\/div>\n<\/div>\n<div class=\"flex_column_table\">\n<div>\n<div class=\"flex_column\">\n\t\t\t\t<label>Message:<br \/>\n\t\t\t\t<span class=\"wpcf7-form-control-wrap mensaje-019\"><textarea name=\"mensaje-019\" cols=\"40\" rows=\"10\" class=\"wpcf7-form-control wpcf7-textarea\" aria-invalid=\"false\"><\/textarea><\/span> <\/label>\n\t\t\t<\/div>\n<\/div>\n<\/div>\n<div class=\"flex_column_table\">\n<div>\n<div class=\"flex_column center-btn-adjuntar\">\n\t\t\t\t <label class=\"btn-add-cv\">Upload CV\/Resume <span class=\"wpcf7-form-control-wrap file-497\"><input type=\"file\" name=\"file-497\" size=\"40\" class=\"wpcf7-form-control wpcf7-file\" accept=\".jpg,.jpeg,.png,.gif,.pdf,.doc,.docx,.ppt,.pptx,.odt,.avi,.ogg,.m4a,.mov,.mp3,.mp4,.mpg,.wav,.wmv\" aria-invalid=\"false\" \/><\/span><\/label\n\t\t\t<\/div>\n<\/div>\n<\/div>\n<div>\n<div class=\"flex_column text-center \">\n<p>\t\t\t<input type=\"submit\" value=\"I want to join!\" class=\"wpcf7-form-control wpcf7-submit\" \/><\/p>\n\n<\/div>\n<\/div>\n<div style=\"clear: both;\"><\/div>\n<\/div>\n<div style=\"clear: both;\"><\/div>\n<div class=\"wpcf7-response-output\" aria-hidden=\"true\"><\/div><\/form><\/div>\n<\/div><\/section><\/p><\/div><div class='av-flex-placeholder'><\/div><div class=\"flex_column av_one_fifth  flex_column_table_cell av-equal-height-column av-align-middle av-zero-column-padding   avia-builder-el-23  el_after_av_three_fifth  el_before_av_one_full  \" style='border-radius:0px; '><\/div><\/div><!--close column table wrapper. Autoclose: 1 --><div class=\"flex_column av_one_full  flex_column_div av-zero-column-padding first  avia-builder-el-24  el_after_av_one_fifth  avia-builder-el-last  column-top-margin\" style='margin-top:0px; margin-bottom:0px; border-radius:0px; '><div  style='height:50px' class='hr hr-invisible   avia-builder-el-25  avia-builder-el-no-sibling '><span class='hr-inner ' ><span class='hr-inner-style'><\/span><\/span><\/div><\/div><\/div><\/div><\/div><!-- close content main div --><\/div><div class='av-extra-border-element border-extra-diagonal  '><div class='av-extra-border-outer'><div class='av-extra-border-inner'  style='background-color:#1e3661;' ><\/div><\/div><\/div><\/div><div id='av_section_3'  class='avia-section main_color avia-section-no-padding avia-no-border-styling  avia-bg-style-scroll  avia-builder-el-26  el_after_av_section  avia-builder-el-last  row-no-padding  container_wrap sidebar_right' style='background-color: #1e3661;  margin-top:0px; margin-bottom:0px; '  ><div class='container' ><div class='template-page content  av-content-small alpha units'><div class='post-entry post-entry-type-page post-entry-3741'><div class='entry-content-wrapper clearfix'><\/div><\/div><\/div><!-- close content main div --><\/div><\/div><div id='after_section_3'  class='main_color av_default_container_wrap container_wrap sidebar_right' style=' '  ><div class='container' ><div class='template-page content  av-content-small alpha units'><div class='post-entry post-entry-type-page post-entry-3741'><div class='entry-content-wrapper clearfix'><\/p>\n","protected":false},"excerpt":{"rendered":"","protected":false},"author":1,"featured_media":0,"parent":0,"menu_order":0,"comment_status":"open","ping_status":"closed","template":"","meta":{"footnotes":""},"class_list":["post-3741","page","type-page","status-publish","hentry"],"_links":{"self":[{"href":"https:\/\/assetel.com\/en\/wp-json\/wp\/v2\/pages\/3741","targetHints":{"allow":["GET"]}}],"collection":[{"href":"https:\/\/assetel.com\/en\/wp-json\/wp\/v2\/pages"}],"about":[{"href":"https:\/\/assetel.com\/en\/wp-json\/wp\/v2\/types\/page"}],"author":[{"embeddable":true,"href":"https:\/\/assetel.com\/en\/wp-json\/wp\/v2\/users\/1"}],"replies":[{"embeddable":true,"href":"https:\/\/assetel.com\/en\/wp-json\/wp\/v2\/comments?post=3741"}],"version-history":[{"count":33,"href":"https:\/\/assetel.com\/en\/wp-json\/wp\/v2\/pages\/3741\/revisions"}],"predecessor-version":[{"id":5059,"href":"https:\/\/assetel.com\/en\/wp-json\/wp\/v2\/pages\/3741\/revisions\/5059"}],"wp:attachment":[{"href":"https:\/\/assetel.com\/en\/wp-json\/wp\/v2\/media?parent=3741"}],"curies":[{"name":"wp","href":"https:\/\/api.w.org\/{rel}","templated":true}]}}